{"id":9,"date":"2020-02-12T13:50:52","date_gmt":"2020-02-12T13:50:52","guid":{"rendered":"http:\/\/cyclomania.net\/?page_id=9"},"modified":"2026-04-07T12:46:56","modified_gmt":"2026-04-07T12:46:56","slug":"startseite","status":"publish","type":"page","link":"https:\/\/cyclomania.net\/","title":{"rendered":"Startseite"},"content":{"rendered":"\n<p class=\"has-text-align-center has-primary-color has-text-color has-background has-medium-font-size\" style=\"background-color:#ffb357\"><strong>Liebe Kund*Inne<\/strong>n<\/p>\n\n\n\n<p class=\"has-text-align-center has-primary-color has-text-color has-background has-normal-font-size\" style=\"background-color:#ffbc61\"><strong>Der Fr\u00fchling ist nun wie erwartet und doch ganz pl\u00f6tzlich da.<\/strong><\/p>\n\n\n\n<p class=\"has-text-align-center has-primary-color has-text-color has-background has-normal-font-size\" style=\"background-color:#ffbc61\"> Unsere Werkstat hat gut zu tun. Wir bem\u00fchen uns stets alle Auftr\u00e4ge schnell abzuwickeln. Dennoch kommt es zu l\u00e4ngeren Wartezeiten.<\/p>\n\n\n\n<p class=\"has-text-align-center has-primary-color has-text-color has-background has-normal-font-size\" style=\"background-color:#ffbc61\">Daher ist es sinnvoll, wenn ihr telefonisch<br>(030\/6458637) oder pers\u00f6nlich in unserem <br>Laden  f\u00fcr Reparaturauftr\u00e4ge einen Termin mit uns vereinart.<\/p>\n\n\n\n<p class=\"has-text-align-center has-primary-color has-text-color has-background has-normal-font-size\" style=\"background-color:#ffbc61\"><\/p>\n\n\n\n<p><\/p>\n\n\n\n<p><\/p>\n\n\n\n<p class=\"has-primary-color has-quinary-background-color has-text-color has-background\">250 Meter vom S-Bahnhof Friedrichshagen in der B\u00f6lschestrasse 60 findet Ihr unser gut ausgestattetes Fahrrad-Fachgesch\u00e4ft.<br>Wir legen Wert auf h\u00f6chste Qualit\u00e4t zu g\u00fcnstigen Preisen bei R\u00e4dern, Bekleidung, Zubeh\u00f6r und Service.<br>Du  bekommst bei uns unter anderem R\u00e4der der Marken Cube, Scott,  VSF Fahrradmanufaktur, Maxcycles, BBF, Kleidung und Taschen von  VAUDE, Ortlieb, Werkzeug und vieles mehr. Au\u00dferdem  bieten wir fachkundige Hilfe und besten Service an. <\/p>\n\n\n\n<h3>Cyclomania G.b.R. Kaben und Ludwig<br>B\u00f6lschestrasse 60<br>12587 Berlin<\/h3>\n\n\n\n<h3>Ge\u00f6ffnet:&nbsp; Mo-Fr. 10-19Uhr<br>&nbsp;&nbsp;&nbsp;&nbsp;&nbsp;&nbsp;&nbsp;     &nbsp;&nbsp;&nbsp;                  Sa.&nbsp;10-14Uhr<\/h3>\n\n\n\n<p>                         Tel: 030 6458637<\/p>\n\n\n\n<figure class=\"is-layout-flex wp-block-gallery-1 wp-block-gallery has-nested-images columns-default is-cropped\"><\/figure>\n\n\n\n<p><\/p>\n","protected":false},"excerpt":{"rendered":"<p>Liebe Kund*Innen Der Fr\u00fchling ist nun wie erwartet und doch ganz pl\u00f6tzlich da. Unsere Werkstat hat gut zu tun. Wir&hellip;<\/p>\n","protected":false},"author":1,"featured_media":0,"parent":0,"menu_order":1,"comment_status":"closed","ping_status":"closed","template":"","meta":[],"_links":{"self":[{"href":"https:\/\/cyclomania.net\/index.php?rest_route=\/wp\/v2\/pages\/9"}],"collection":[{"href":"https:\/\/cyclomania.net\/index.php?rest_route=\/wp\/v2\/pages"}],"about":[{"href":"https:\/\/cyclomania.net\/index.php?rest_route=\/wp\/v2\/types\/page"}],"author":[{"embeddable":true,"href":"https:\/\/cyclomania.net\/index.php?rest_route=\/wp\/v2\/users\/1"}],"replies":[{"embeddable":true,"href":"https:\/\/cyclomania.net\/index.php?rest_route=%2Fwp%2Fv2%2Fcomments&post=9"}],"version-history":[{"count":49,"href":"https:\/\/cyclomania.net\/index.php?rest_route=\/wp\/v2\/pages\/9\/revisions"}],"predecessor-version":[{"id":149,"href":"https:\/\/cyclomania.net\/index.php?rest_route=\/wp\/v2\/pages\/9\/revisions\/149"}],"wp:attachment":[{"href":"https:\/\/cyclomania.net\/index.php?rest_route=%2Fwp%2Fv2%2Fmedia&parent=9"}],"curies":[{"name":"wp","href":"https:\/\/api.w.org\/{rel}","templated":true}]}}