{"id":31,"date":"2020-02-13T17:54:08","date_gmt":"2020-02-13T17:54:08","guid":{"rendered":"http:\/\/cyclomania.net\/?page_id=31"},"modified":"2021-04-15T21:31:57","modified_gmt":"2021-04-15T21:31:57","slug":"links","status":"publish","type":"page","link":"https:\/\/cyclomania.net\/?page_id=31","title":{"rendered":"Links"},"content":{"rendered":"\n<p>Hilfreiche links mit technischen Informationen und zu Herstellern:<\/p>\n\n\n\n<p><a rel=\"noreferrer noopener\" aria-label=\"Abus - Schl\u00f6sser (\u00f6ffnet in neuem Tab)\" href=\"https:\/\/mobil.abus.com\/\" target=\"_blank\">Abus &#8211; Schl\u00f6sser<\/a>  <\/p>\n\n\n\n<p>B\u00f6ttcher &#8211; Fahrr\u00e4der<\/p>\n\n\n\n<p>CUBE &#8211; Fahrr\u00e4der<\/p>\n\n\n\n<p>Maxcycles &#8211; Fahrrad-Leichtbau<\/p>\n\n\n\n<p>Shimano &#8211; technische Informationen<\/p>\n\n\n\n<div class=\"wp-block-media-text alignwide has-media-on-the-right is-stacked-on-mobile\" style=\"grid-template-columns:auto 15%\"><figure class=\"wp-block-media-text__media\"><img decoding=\"async\" loading=\"lazy\" width=\"960\" height=\"960\" src=\"https:\/\/cyclomania.net\/wp-content\/uploads\/2020\/02\/21125599_1543527392335015_6754475922477701955_o.png\" alt=\"\" class=\"wp-image-32 size-full\" srcset=\"https:\/\/cyclomania.net\/wp-content\/uploads\/2020\/02\/21125599_1543527392335015_6754475922477701955_o.png 960w, https:\/\/cyclomania.net\/wp-content\/uploads\/2020\/02\/21125599_1543527392335015_6754475922477701955_o-300x300.png 300w, https:\/\/cyclomania.net\/wp-content\/uploads\/2020\/02\/21125599_1543527392335015_6754475922477701955_o-150x150.png 150w, https:\/\/cyclomania.net\/wp-content\/uploads\/2020\/02\/21125599_1543527392335015_6754475922477701955_o-768x768.png 768w\" sizes=\"(max-width: 960px) 100vw, 960px\" \/><\/figure><div class=\"wp-block-media-text__content\">\n<p class=\"has-large-font-size\"><a href=\"https:\/\/www.fahrradmanufaktur.de\/\" target=\"_blank\" rel=\"noreferrer noopener\" aria-label=\"VSF Fahrradmanufaktur (\u00f6ffnet in neuem Tab)\">VSF Fahrradmanufaktur<\/a><\/p>\n<\/div><\/div>\n\n\n\n<p><\/p>\n","protected":false},"excerpt":{"rendered":"<p>Hilfreiche links mit technischen Informationen und zu Herstellern: Abus &#8211; Schl\u00f6sser B\u00f6ttcher &#8211; Fahrr\u00e4der CUBE &#8211; Fahrr\u00e4der Maxcycles &#8211; Fahrrad-Leichtbau&hellip;<\/p>\n","protected":false},"author":1,"featured_media":0,"parent":0,"menu_order":9,"comment_status":"closed","ping_status":"closed","template":"","meta":[],"_links":{"self":[{"href":"https:\/\/cyclomania.net\/index.php?rest_route=\/wp\/v2\/pages\/31"}],"collection":[{"href":"https:\/\/cyclomania.net\/index.php?rest_route=\/wp\/v2\/pages"}],"about":[{"href":"https:\/\/cyclomania.net\/index.php?rest_route=\/wp\/v2\/types\/page"}],"author":[{"embeddable":true,"href":"https:\/\/cyclomania.net\/index.php?rest_route=\/wp\/v2\/users\/1"}],"replies":[{"embeddable":true,"href":"https:\/\/cyclomania.net\/index.php?rest_route=%2Fwp%2Fv2%2Fcomments&post=31"}],"version-history":[{"count":3,"href":"https:\/\/cyclomania.net\/index.php?rest_route=\/wp\/v2\/pages\/31\/revisions"}],"predecessor-version":[{"id":76,"href":"https:\/\/cyclomania.net\/index.php?rest_route=\/wp\/v2\/pages\/31\/revisions\/76"}],"wp:attachment":[{"href":"https:\/\/cyclomania.net\/index.php?rest_route=%2Fwp%2Fv2%2Fmedia&parent=31"}],"curies":[{"name":"wp","href":"https:\/\/api.w.org\/{rel}","templated":true}]}}