{"id":24,"date":"2020-02-12T23:03:08","date_gmt":"2020-02-12T23:03:08","guid":{"rendered":"http:\/\/cyclomania.net\/?page_id=24"},"modified":"2026-04-07T13:15:58","modified_gmt":"2026-04-07T13:15:58","slug":"ueber-uns","status":"publish","type":"page","link":"https:\/\/cyclomania.net\/?page_id=24","title":{"rendered":"\u00dcber uns"},"content":{"rendered":"\n<p>In der B\u00f6lschestra\u00dfe 60 gibt es schon seit \u00fcber 100 Jahren einen Fahrradladen. In  unserem Gesch\u00e4ft f\u00fchren wir die gute Tradition fort und bieten hochwertige Fahrr\u00e4der, Zubeh\u00f6r und Service rund ums Rad an. Unser Angebot umfasst Stadt- Touren- und Trekking-R\u00e4der der VSF Fahrradmanufaktur, Mountainbikes, Gravelbikes, Cross-, Trekkingr\u00e4der und E-Bikes von CUBE und SCOTT, Superleichtbaur\u00e4der von Maxcycles und weitere tolle Marken.<\/p>\n\n\n\n<p>Wir arbeiten daf\u00fcr, da\u00df ein Gro\u00dfteil der Wege umweltfreundlich und sicher mit dem Fahrrad zur\u00fcckgelegt werden k\u00f6nnen. Damit das Radfahren im Alltag und als Sport Spa\u00df macht, braucht es beste Qualit\u00e4t und besten Wartung. Ein passendes Fahrrad mu\u00df im Stil, in der Geometrie und der Rahmenh\u00f6he passen sonst f\u00e4hrt es sich nicht gut.<\/p>\n\n\n\n<p>All das findest du bei uns. Komm vorbei!<\/p>\n\n\n\n<p>Wir beraten dich gerne. <\/p>\n","protected":false},"excerpt":{"rendered":"<p>In der B\u00f6lschestra\u00dfe 60 gibt es schon seit \u00fcber 100 Jahren einen Fahrradladen. In unserem Gesch\u00e4ft f\u00fchren wir die gute&hellip;<\/p>\n","protected":false},"author":1,"featured_media":0,"parent":0,"menu_order":2,"comment_status":"closed","ping_status":"closed","template":"","meta":[],"_links":{"self":[{"href":"https:\/\/cyclomania.net\/index.php?rest_route=\/wp\/v2\/pages\/24"}],"collection":[{"href":"https:\/\/cyclomania.net\/index.php?rest_route=\/wp\/v2\/pages"}],"about":[{"href":"https:\/\/cyclomania.net\/index.php?rest_route=\/wp\/v2\/types\/page"}],"author":[{"embeddable":true,"href":"https:\/\/cyclomania.net\/index.php?rest_route=\/wp\/v2\/users\/1"}],"replies":[{"embeddable":true,"href":"https:\/\/cyclomania.net\/index.php?rest_route=%2Fwp%2Fv2%2Fcomments&post=24"}],"version-history":[{"count":5,"href":"https:\/\/cyclomania.net\/index.php?rest_route=\/wp\/v2\/pages\/24\/revisions"}],"predecessor-version":[{"id":153,"href":"https:\/\/cyclomania.net\/index.php?rest_route=\/wp\/v2\/pages\/24\/revisions\/153"}],"wp:attachment":[{"href":"https:\/\/cyclomania.net\/index.php?rest_route=%2Fwp%2Fv2%2Fmedia&parent=24"}],"curies":[{"name":"wp","href":"https:\/\/api.w.org\/{rel}","templated":true}]}}